{"id":2786,"date":"2016-03-28T09:28:14","date_gmt":"2016-03-28T09:28:14","guid":{"rendered":"http:\/\/wp.magnium-themes.com\/thebuilt\/thebuilt-1\/?page_id=11"},"modified":"2026-03-17T12:27:37","modified_gmt":"2026-03-17T11:27:37","slug":"homepage","status":"publish","type":"page","link":"https:\/\/www.ekl-batiment.com\/","title":{"rendered":"Accueil"},"content":{"rendered":"<section class=\"wpb-content-wrapper\"><p>[vc_row][vc_column][rev_slider_vc alias=\u00a0\u00bbtheBuilt-1&Prime;][\/vc_column][\/vc_row][vc_row][vc_column]<div class=\"mgt-cta-block clearfix black-text with-text no-side-paddings wpb_content_element\" data-style=\"background-color: #ffffff;\"><div class=\"mgt-button-wrapper mgt-button-wrapper-align-right mgt-button-wrapper-display-newline mgt-button-top-margin-disable\"><a class=\"btn hvr-bounce-to-right mgt-button mgt-style-solid-invert mgt-size-normal mgt-align-right mgt-display-newline mgt-text-size-normal mgt-button-icon-position-left mgt-text-transform-uppercase \" href=\"https:\/\/www.ekl-batiment.com\/index.php\/get-a-quote\/\">Demander un devis<\/a><\/div><h5 class=\"mgt-cta-block-header\">Nous sommes les experts du b\u00e2timent<\/h5><div class=\"mgt-cta-block-content\">Nous transformons les id\u00e9es et les visions en projets prim\u00e9s<\/div><\/div>[\/vc_column][\/vc_row][vc_row full_width=\u00a0\u00bbstretch_row\u00a0\u00bb css=\u00a0\u00bb.vc_custom_1459162774762{padding-top: 50px !important;padding-bottom: 50px !important;background-color: #f5f5f5 !important;}\u00a0\u00bb][vc_column width=\u00a0\u00bb1\/3&Prime;]<style scoped='scoped'>.mgt-promo-block-81855614819.mgt-promo-block.animated:hover .mgt-promo-block-content {background-color: rgba(0,0,0,0.5)!important;}<\/style><div class=\"mgt-promo-block animated white-text cover-image text-size-normal no-darken mgt-promo-block-81855614819 wpb_content_element wpb_animate_when_almost_visible wpb_left-to-right\" data-style=\"background-image: url(https:\/\/www.ekl-batiment.com\/wp-content\/uploads\/2025\/05\/2151349714.jpg);background-repeat: no-repeat;width: 100%; height: 250px;\"><div class=\"mgt-promo-block-content mgt-hide-button\"><div class=\"mgt-promo-block-content-inside\"><div class=\"mgt-button-wrapper mgt-button-wrapper-align-center mgt-button-wrapper-display-newline mgt-button-top-margin-disable\"><a class=\"btn hvr-bounce-to-right mgt-button mgt-style-bordered mgt-size-normal mgt-align-center mgt-display-newline mgt-text-size-small mgt-button-icon-position-left mgt-text-transform-uppercase \" href=\"#\">voir plus<\/a><\/div><\/div><\/div><\/div><div class=\"mgt-promo-block white-text text-size-normal no-darken mgt-promo-block-17694366872 wpb_content_element wpb_animate_when_almost_visible wpb_left-to-right\" data-style=\"background-color: #2a2f35;width: 100%; height: 250px;\"><div class=\"mgt-promo-block-content va-top\"><div class=\"mgt-promo-block-content-inside vc_custom_1747410480500\">\n<h4 style=\"text-align: left\">\u00c0 PROPOS DE LA CONSTRUCTION DE B\u00c2TIMENT<\/h4>\n<p style=\"text-align: left\">Chez EKL-B\u00e2timent, nous b\u00e2tissons des structures solides, durables et adapt\u00e9es aux besoins de nos clients.\n<div class=\"mgt-button-wrapper mgt-button-wrapper-align-left mgt-button-wrapper-display-newline mgt-button-top-margin-disable\"><a class=\"btn hvr-icon-wobble-horizontal mgt-button mgt-style-textwhite mgt-size-normal mgt-align-left mgt-display-newline mgt-text-size-small mgt-button-icon-position-right mgt-text-transform-uppercase \" href=\"#\">voir plus<i class=\"fa fa-arrow-right\"><\/i><\/a><\/div><\/div><\/div><\/div>[\/vc_column][vc_column width=\u00a0\u00bb1\/3&Prime;]<style scoped='scoped'>.mgt-promo-block-81855614819.mgt-promo-block.animated:hover .mgt-promo-block-content {background-color: rgba(0,0,0,0.5)!important;}<\/style><div class=\"mgt-promo-block animated white-text cover-image text-size-normal no-darken mgt-promo-block-81855614819 wpb_content_element wpb_animate_when_almost_visible wpb_left-to-right\" data-style=\"background-image: url(https:\/\/www.ekl-batiment.com\/wp-content\/uploads\/2025\/05\/portrait-engineers-work-hours-job-site.jpg);background-repeat: no-repeat;width: 100%; height: 250px;\"><div class=\"mgt-promo-block-content mgt-hide-button\"><div class=\"mgt-promo-block-content-inside\"><div class=\"mgt-button-wrapper mgt-button-wrapper-align-center mgt-button-wrapper-display-newline mgt-button-top-margin-disable\"><a class=\"btn hvr-bounce-to-right mgt-button mgt-style-bordered mgt-size-normal mgt-align-center mgt-display-newline mgt-text-size-small mgt-button-icon-position-left mgt-text-transform-uppercase \" href=\"#\">voir plus<\/a><\/div><\/div><\/div><\/div><div class=\"mgt-promo-block white-text text-size-normal no-darken mgt-promo-block-17694366872 wpb_content_element wpb_animate_when_almost_visible wpb_left-to-right\" data-style=\"background-color: #2a2f35;width: 100%; height: 250px;\"><div class=\"mgt-promo-block-content va-top\"><div class=\"mgt-promo-block-content-inside vc_custom_1747410372869\">\n<h4 style=\"text-align: left\">NOTRE PARTICULARITE<\/h4>\n<p style=\"text-align: left\">De la conception \u00e0 la r\u00e9alisation, notre \u00e9quipe met tout en \u0153uvre pour garantir des ouvrages de qualit\u00e9, respectant les normes et les d\u00e9lais.\n<div class=\"mgt-button-wrapper mgt-button-wrapper-align-left mgt-button-wrapper-display-newline mgt-button-top-margin-disable\"><a class=\"btn hvr-icon-wobble-horizontal mgt-button mgt-style-textwhite mgt-size-normal mgt-align-left mgt-display-newline mgt-text-size-small mgt-button-icon-position-right mgt-text-transform-uppercase \" href=\"#\">voir plus<i class=\"fa fa-arrow-right\"><\/i><\/a><\/div><\/div><\/div><\/div>[\/vc_column][vc_column width=\u00a0\u00bb1\/3&Prime;]<style scoped='scoped'>.mgt-promo-block-47315338921.mgt-promo-block.darken .mgt-promo-block-content {background-color: rgba(10,10,10,0.38)!important;}.mgt-promo-block-47315338921.mgt-promo-block.animated:hover .mgt-promo-block-content {background-color: rgba(0,0,0,0.5)!important;}<\/style><div class=\"mgt-promo-block animated white-text cover-image text-size-normal darken mgt-promo-block-47315338921 wpb_content_element wpb_animate_when_almost_visible wpb_right-to-left\" data-style=\"background-image: url(https:\/\/www.ekl-batiment.com\/wp-content\/uploads\/2025\/05\/2151002995.jpg);background-repeat: no-repeat;width: 100%; height: 240px;\"><div class=\"mgt-promo-block-content va-bottom\"><div class=\"mgt-promo-block-content-inside vc_custom_1747409634546\"><i class=\"fa fa-2 fa-picture-o\"><!-- Icon --><\/i>\n<h3>DESIGN<br \/>\nET INT\u00c9RIEUR<\/h3>\n<div class=\"mgt-button-wrapper mgt-button-wrapper-align-left mgt-button-wrapper-display-newline mgt-button-top-margin-disable\"><a class=\"btn hvr-icon-wobble-horizontal mgt-button mgt-style-textwhite mgt-size-normal mgt-align-left mgt-display-newline mgt-text-size-small mgt-button-icon-position-right mgt-text-transform-uppercase \" href=\"#\">voir plus<i class=\"fa fa-arrow-right\"><\/i><\/a><\/div><\/div><\/div><\/div>[vc_empty_space height=\u00a0\u00bb20px\u00a0\u00bb][vc_row_inner][vc_column_inner]<style scoped='scoped'>.mgt-promo-block-48115338664.mgt-promo-block.darken .mgt-promo-block-content {background-color: rgba(10,10,10,0.38)!important;}.mgt-promo-block-48115338664.mgt-promo-block.animated:hover .mgt-promo-block-content {background-color: rgba(0,0,0,0.5)!important;}<\/style><div class=\"mgt-promo-block animated white-text cover-image text-size-normal darken mgt-promo-block-48115338664 wpb_content_element wpb_animate_when_almost_visible wpb_right-to-left\" data-style=\"background-image: url(https:\/\/www.ekl-batiment.com\/wp-content\/uploads\/2025\/05\/63028.jpg);background-repeat: no-repeat;width: 100%; height: 240px;\"><div class=\"mgt-promo-block-content va-bottom\"><div class=\"mgt-promo-block-content-inside vc_custom_1747409899875\"><i class=\"fa fa-2 fa-home\"><!-- Icon --><\/i>\n<h3>R\u00c9NOVATION MAISON<\/h3>\n<div class=\"mgt-button-wrapper mgt-button-wrapper-align-left mgt-button-wrapper-display-newline mgt-button-top-margin-disable\"><a class=\"btn hvr-icon-wobble-horizontal mgt-button mgt-style-textwhite mgt-size-normal mgt-align-left mgt-display-newline mgt-text-size-small mgt-button-icon-position-right mgt-text-transform-uppercase \" href=\"#\">voir plus<i class=\"fa fa-arrow-right\"><\/i><\/a><\/div><\/div><\/div><\/div>[\/vc_column_inner][\/vc_row_inner][\/vc_column][\/vc_row][vc_row][vc_column]<div class=\"mgt-header-block clearfix text-left text-black wpb_content_element  mgt-header-block-style-1 mgt-header-texttransform-header \"><h2 class=\"mgt-header-block-title\">QUI SOMMES NOUS ?<\/h2><div class=\"mgt-header-line\"><\/div><\/div>[\/vc_column][\/vc_row][vc_row equal_height=\u00a0\u00bbyes\u00a0\u00bb css=\u00a0\u00bb.vc_custom_1459437352339{margin-bottom: 50px !important;}\u00a0\u00bb][vc_column width=\u00a0\u00bb1\/3&Prime; css=\u00a0\u00bb.vc_custom_1459186986556{margin-right: 0px !important;padding-right: 0px !important;}\u00a0\u00bb]<style scoped='scoped'>.mgt-promo-block-80547717587.mgt-promo-block.animated:hover .mgt-promo-block-content {background-color: rgba(0,0,0,0.5)!important;}<\/style><div class=\"mgt-promo-block animated white-text cover-image text-size-normal no-darken mgt-promo-block-80547717587 wpb_content_element\" data-style=\"background-image: url(https:\/\/www.ekl-batiment.com\/wp-content\/uploads\/2025\/05\/site.jpg);background-repeat: no-repeat;width: 100%; height: 440px;\"><div class=\"mgt-promo-block-content\"><div class=\"mgt-promo-block-content-inside\"><div class=\"mgt-button-wrapper mgt-button-wrapper-align-center mgt-button-wrapper-display-newline mgt-button-top-margin-disable\"><a class=\"btn hvr-bounce-to-right mgt-button mgt-style-solid-invert mgt-size-normal mgt-align-center mgt-display-newline mgt-text-size-normal mgt-button-icon-position-left mgt-text-transform-uppercase \" href=\"#\">nos valeurs<\/a><\/div><\/div><\/div><\/div>[\/vc_column][vc_column width=\u00a0\u00bb1\/3&Prime; css=\u00a0\u00bb.vc_custom_1459186959095{margin-left: 0px !important;padding-left: 0px !important;}\u00a0\u00bb]<div class=\"mgt-promo-block black-text text-size-normal no-darken mgt-promo-block-75700987093 wpb_content_element\" data-style=\"background-color: #f5f5f5;width: 100%; height: 440px;\"><div class=\"mgt-promo-block-content va-top\"><div class=\"mgt-promo-block-content-inside vc_custom_1747607459654\">\n<p class=\"\" data-start=\"0\" data-end=\"48\"><strong data-start=\"0\" data-end=\"48\">EKL \u2013 pour construire un monde meilleur<\/strong>\n<p class=\"\" data-start=\"50\" data-end=\"489\">Nous restons fid\u00e8les aux m\u00eames principes qui ont fond\u00e9 notre entreprise afin d&rsquo;offrir un service de qualit\u00e9 sup\u00e9rieure \u00e0 nos clients,\u00a0 r\u00e9aliser un travail exceptionnel, encourager l\u2019innovation, agir avec int\u00e9grit\u00e9 et renforcer nos communaut\u00e9s. Ces valeurs nous unissent en tant qu\u2019une seule et m\u00eame entreprise et guident chacun de nos actes.\n<p data-start=\"50\" data-end=\"489\"><img loading=\"lazy\" decoding=\"async\" class=\"alignnone wp-image-2984 size-thumbnail\" src=\"https:\/\/www.ekl-batiment.com\/wp-content\/uploads\/2025\/05\/2151349714-150x150.jpg\" alt=\"\" width=\"150\" height=\"150\" srcset=\"https:\/\/www.ekl-batiment.com\/wp-content\/uploads\/2025\/05\/2151349714-150x150.jpg 150w, https:\/\/www.ekl-batiment.com\/wp-content\/uploads\/2025\/05\/2151349714-1024x1024.jpg 1024w, https:\/\/www.ekl-batiment.com\/wp-content\/uploads\/2025\/05\/2151349714-100x100.jpg 100w, https:\/\/www.ekl-batiment.com\/wp-content\/uploads\/2025\/05\/2151349714-40x40.jpg 40w, https:\/\/www.ekl-batiment.com\/wp-content\/uploads\/2025\/05\/2151349714-300x300.jpg 300w\" sizes=\"auto, (max-width: 150px) 100vw, 150px\" \/>\n<\/div><\/div><\/div>[\/vc_column][vc_column width=\u00a0\u00bb1\/3&Prime;][vc_tta_accordion shape=\u00a0\u00bbsquare\u00a0\u00bb color=\u00a0\u00bbblack\u00a0\u00bb c_position=\u00a0\u00bbright\u00a0\u00bb active_section=\u00a0\u00bb1&Prime;][vc_tta_section title=\u00a0\u00bbNOTRE MISSION\u00a0\u00bb tab_id=\u00a0\u00bb1459164386535-056c539a-f4ce\u00a0\u00bb]<div class=\"mgt-icon-box wpb_content_element mgt-icon-box-right mgt-icon-fa mgt-icon-background mgt-icon-background-normal text-black \"><div class=\"mgt-icon-box-icon hvr-icon-push\"><div class=\"mgt-font-icon\"><i class=\"fa fa-users\"><\/i><\/div><\/div><div class=\"mgt-icon-box-content\"><h5>Excellence<\/h5>Nous sommes une entreprise d\u2019experts travaillant avec des clients et des particuliers pour d\u00e9velopper et mettre en \u0153uvre des solutions innovantes aux d\u00e9fis les plus complexes du monde.<\/div><div class=\"clearfix\"><\/div><\/div>[\/vc_tta_section][vc_tta_section title=\u00a0\u00bbCR\u00c9ATIF ET PUISSANT\u00a0\u00bb tab_id=\u00a0\u00bb1459238186084-d35c30a3-aeac\u00a0\u00bb][vc_column_text]Ancr\u00e9e dans notre culture du travail acharn\u00e9, de l\u2019honn\u00eatet\u00e9 et du travail bien fait, notre histoire en dit long non seulement sur notre pass\u00e9, mais aussi sur notre pr\u00e9sent. Notre parcours de r\u00e9ussite, de pers\u00e9v\u00e9rance et de qu\u00eate d\u2019excellence est au c\u0153ur de notre r\u00e9putation actuelle.[\/vc_column_text][\/vc_tta_section][vc_tta_section title=\u00a0\u00bbNOUS NOUS AM\u00c9LIORONS SANS CESSE\u00a0\u00bb tab_id=\u00a0\u00bb1459164561558-c64a2352-22d2&Prime;][vc_column_text]Chez EKL, l\u2019am\u00e9lioration continue est au c\u0153ur de notre d\u00e9marche. Gr\u00e2ce \u00e0 une \u00e9coute active et une analyse constante de nos projets, nous affinons nos m\u00e9thodes pour offrir des solutions toujours plus efficaces et adapt\u00e9es aux besoins de nos clients. Cette qu\u00eate de l\u2019excellence nous permet de rester \u00e0 la pointe de l\u2019innovation et de r\u00e9pondre aux d\u00e9fis de demain avec agilit\u00e9.[\/vc_column_text][\/vc_tta_section][\/vc_tta_accordion][\/vc_column][\/vc_row][vc_row full_width=\u00a0\u00bbstretch_row\u00a0\u00bb css=\u00a0\u00bb.vc_custom_1459335800844{padding-bottom: 60px !important;background-color: #2a2f35 !important;}\u00a0\u00bb][vc_column]<div class=\"mgt-header-block clearfix text-left text-white wpb_content_element  mgt-header-block-style-1 mgt-header-texttransform-header \"><h2 class=\"mgt-header-block-title\">Nos r\u00e9alisations<\/h2><div class=\"mgt-header-line\"><\/div><\/div>\r\n\t\t<div class=\"row portfolio-filter filter-left filter-bordered\">\r\n\t\t<div class=\"col-md-12\">\r\n\t\t<a class=\"filter\" data-filter=\"all\">Tous<\/a><a class=\"filter\" data-filter=\".building\">B\u00e2timent<\/a><a class=\"filter\" data-filter=\".office\">Bureaux<\/a><a class=\"filter\" data-filter=\".consulting\">Consultance<\/a><a class=\"filter\" data-filter=\".interior\">Interieur<\/a><a class=\"filter view-all\" href=\"#\" target=\"\">voir plus<\/a>\t\t\t\t<\/div>\r\n\t<\/div>\r\n\t\r\n\t<div class=\"portfolio-list portfolio-columns-4 portfolio-grid-layout-3 clearfix\" id=\"portfolio-list\">\r\n\r\n\t\t<div class=\"portfolio-item-block portfolio-item-animation-6 mix building\" data-item=\"1\" data-name=\"Maison moderne\">\r\n\t<div class=\"portfolio-item-block-inside\">\r\n\t  <a href=\"https:\/\/www.ekl-batiment.com\/index.php\/project\/modern-house\/\" target=\"_self\" rel=\"\" title=\"Maison moderne\">\r\n\t    <div class=\"portfolio-item-image\" data-style=\"background-image: url(https:\/\/www.ekl-batiment.com\/wp-content\/uploads\/2016\/03\/2150799725.jpg);\"><\/div>\r\n\t    <div class=\"portfolio-item-bg\"><\/div>\r\n\t    <div class=\"info\">\r\n\t      <span class=\"sub-title\">B\u00e2timent<\/span>\r\n\t      <h4 class=\"title\">Maison moderne<\/h4>\r\n\t      \t      \t    <\/div>\r\n\t  <\/a>\r\n\t<\/div>\r\n\t<\/div>\r\n\t\t<div class=\"portfolio-item-block portfolio-item-animation-6 mix building\" data-item=\"2\" data-name=\"Architecture et Design\">\r\n\t<div class=\"portfolio-item-block-inside\">\r\n\t  <a href=\"https:\/\/www.ekl-batiment.com\/index.php\/project\/architecture-and-design\/\" target=\"_self\" rel=\"\" title=\"Architecture et Design\">\r\n\t    <div class=\"portfolio-item-image\" data-style=\"background-image: url(https:\/\/www.ekl-batiment.com\/wp-content\/uploads\/2016\/03\/30636.jpg);\"><\/div>\r\n\t    <div class=\"portfolio-item-bg\"><\/div>\r\n\t    <div class=\"info\">\r\n\t      <span class=\"sub-title\">B\u00e2timent<\/span>\r\n\t      <h4 class=\"title\">Architecture et Design<\/h4>\r\n\t      \t      \t    <\/div>\r\n\t  <\/a>\r\n\t<\/div>\r\n\t<\/div>\r\n\t\t<div class=\"portfolio-item-block portfolio-item-animation-6 mix building\" data-item=\"3\" data-name=\"Maison familiale\">\r\n\t<div class=\"portfolio-item-block-inside\">\r\n\t  <a href=\"https:\/\/www.ekl-batiment.com\/index.php\/project\/family-house\/\" target=\"_self\" rel=\"\" title=\"Maison familiale\">\r\n\t    <div class=\"portfolio-item-image\" data-style=\"background-image: url(https:\/\/www.ekl-batiment.com\/wp-content\/uploads\/2016\/03\/medium-shot-parents-kid-1024x1024.jpg);\"><\/div>\r\n\t    <div class=\"portfolio-item-bg\"><\/div>\r\n\t    <div class=\"info\">\r\n\t      <span class=\"sub-title\">B\u00e2timent<\/span>\r\n\t      <h4 class=\"title\">Maison familiale<\/h4>\r\n\t      \t      \t    <\/div>\r\n\t  <\/a>\r\n\t<\/div>\r\n\t<\/div>\r\n\t\t<div class=\"portfolio-item-block portfolio-item-animation-6 mix consulting\" data-item=\"1\" data-name=\"Consultation en construction\">\r\n\t<div class=\"portfolio-item-block-inside\">\r\n\t  <a href=\"https:\/\/www.ekl-batiment.com\/index.php\/project\/construction-consulting\/\" target=\"_self\" rel=\"\" title=\"Consultation en construction\">\r\n\t    <div class=\"portfolio-item-image\" data-style=\"background-image: url(https:\/\/www.ekl-batiment.com\/wp-content\/uploads\/2016\/03\/50906.jpg);\"><\/div>\r\n\t    <div class=\"portfolio-item-bg\"><\/div>\r\n\t    <div class=\"info\">\r\n\t      <span class=\"sub-title\">Consultance<\/span>\r\n\t      <h4 class=\"title\">Consultation en construction<\/h4>\r\n\t      \t      \t    <\/div>\r\n\t  <\/a>\r\n\t<\/div>\r\n\t<\/div>\r\n\t\t<div class=\"portfolio-item-block portfolio-item-animation-6 mix building office\" data-item=\"2\" data-name=\"Am\u00e9nagement int\u00e9rieur de bureau\">\r\n\t<div class=\"portfolio-item-block-inside\">\r\n\t  <a href=\"https:\/\/www.ekl-batiment.com\/index.php\/project\/office-interior\/\" target=\"_self\" rel=\"\" title=\"Am\u00e9nagement int\u00e9rieur de bureau\">\r\n\t    <div class=\"portfolio-item-image\" data-style=\"background-image: url(https:\/\/www.ekl-batiment.com\/wp-content\/uploads\/2016\/03\/1969.jpg);\"><\/div>\r\n\t    <div class=\"portfolio-item-bg\"><\/div>\r\n\t    <div class=\"info\">\r\n\t      <span class=\"sub-title\">B\u00e2timent \/ Bureaux<\/span>\r\n\t      <h4 class=\"title\">Am\u00e9nagement int\u00e9rieur de bureau<\/h4>\r\n\t      \t      \t    <\/div>\r\n\t  <\/a>\r\n\t<\/div>\r\n\t<\/div>\r\n\t\t<div class=\"portfolio-item-block portfolio-item-animation-6 mix building\" data-item=\"3\" data-name=\"Maison \u00e9cologique\">\r\n\t<div class=\"portfolio-item-block-inside\">\r\n\t  <a href=\"https:\/\/www.ekl-batiment.com\/index.php\/project\/green-house\/\" target=\"_self\" rel=\"\" title=\"Maison \u00e9cologique\">\r\n\t    <div class=\"portfolio-item-image\" data-style=\"background-image: url(https:\/\/www.ekl-batiment.com\/wp-content\/uploads\/2016\/03\/2148894084.jpg);\"><\/div>\r\n\t    <div class=\"portfolio-item-bg\"><\/div>\r\n\t    <div class=\"info\">\r\n\t      <span class=\"sub-title\">B\u00e2timent<\/span>\r\n\t      <h4 class=\"title\">Maison \u00e9cologique<\/h4>\r\n\t      \t      \t    <\/div>\r\n\t  <\/a>\r\n\t<\/div>\r\n\t<\/div>\r\n\t\t<div class=\"portfolio-item-block portfolio-item-animation-6 mix interior\" data-item=\"1\" data-name=\"Hotel\">\r\n\t<div class=\"portfolio-item-block-inside\">\r\n\t  <a href=\"https:\/\/www.ekl-batiment.com\/index.php\/project\/hotel\/\" target=\"_self\" rel=\"\" title=\"Hotel\">\r\n\t    <div class=\"portfolio-item-image\" data-style=\"background-image: url(https:\/\/www.ekl-batiment.com\/wp-content\/uploads\/2016\/03\/18728.jpg);\"><\/div>\r\n\t    <div class=\"portfolio-item-bg\"><\/div>\r\n\t    <div class=\"info\">\r\n\t      <span class=\"sub-title\">Interieur<\/span>\r\n\t      <h4 class=\"title\">Hotel<\/h4>\r\n\t      \t      \t    <\/div>\r\n\t  <\/a>\r\n\t<\/div>\r\n\t<\/div>\r\n\t\t         \r\n\t\r\n\t<\/div>\r\n\r\n\r\n<script>(function($){\r\n\t    $(document).ready(function() {\r\n\r\n\t\t    $(\"#portfolio-list\").mixItUp({effects:[\"fade\",\"scale\"],easing:\"snap\"});\r\n\r\n\t    });})(jQuery);<\/script>[\/vc_column][\/vc_row][vc_row full_width=\u00a0\u00bbstretch_row\u00a0\u00bb content_placement=\u00a0\u00bbmiddle\u00a0\u00bb css=\u00a0\u00bb.vc_custom_1747411868992{padding-top: 50px !important;padding-bottom: 30px !important;background: #f9bb34 url(https:\/\/www.ekl-batiment.com\/wp-content\/uploads\/2025\/05\/2994.jpg?id=2986) !important;background-position: center !important;background-repeat: no-repeat !important;background-size: cover !important;}\u00a0\u00bb][vc_column width=\u00a0\u00bb2\/3&Prime;]<div class=\"mgt-promo-block black-text text-size-normal no-darken mgt-promo-block-56512636915 wpb_content_element\" data-style=\"width: 100%; height: auto;\"><div class=\"mgt-promo-block-content va-bottom\"><div class=\"mgt-promo-block-content-inside vc_custom_1747412462588\">\n<h4>TRAVAILLER AVEC NOUS<\/h4>\n<h1>NOUS SOMMES UNE EQUIPE D\u2019EXPERTS<\/h1>\n<div class=\"mgt-button-wrapper mgt-button-wrapper-align-left mgt-button-wrapper-display-newline mgt-button-top-margin-enable\"><a class=\"btn hvr-bounce-to-right mgt-button mgt-style-solid-invert mgt-size-normal mgt-align-left mgt-display-newline mgt-text-size-normal mgt-button-icon-position-right mgt-text-transform-uppercase \" href=\"#\">Contactez-nous<i class=\"fa fa-arrow-right\"><\/i><\/a><\/div><\/div><\/div><\/div>[vc_single_image image=\u00a0\u00bb2988&Prime; alignment=\u00a0\u00bbright\u00a0\u00bb css_animation=\u00a0\u00bbright-to-left\u00a0\u00bb][\/vc_column][\/vc_row][vc_row][vc_column]<div class=\"mgt-header-block clearfix text-left text-black wpb_content_element  mgt-header-block-style-1 mgt-header-texttransform-header \"><h2 class=\"mgt-header-block-title\">Nos clients<\/h2><div class=\"mgt-header-line\"><\/div><\/div>[\/vc_column][\/vc_row][vc_row css=\u00a0\u00bb.vc_custom_1459501258600{padding-top: 30px !important;padding-bottom: 30px !important;}\u00a0\u00bb][vc_column width=\u00a0\u00bb1\/6&Prime;][vc_single_image image=\u00a0\u00bb3000&Prime; img_size=\u00a0\u00bbfull\u00a0\u00bb alignment=\u00a0\u00bbcenter\u00a0\u00bb css_animation=\u00a0\u00bbappear\u00a0\u00bb][\/vc_column][vc_column width=\u00a0\u00bb1\/6&Prime;][vc_single_image image=\u00a0\u00bb2995&Prime; img_size=\u00a0\u00bbfull\u00a0\u00bb alignment=\u00a0\u00bbcenter\u00a0\u00bb css_animation=\u00a0\u00bbappear\u00a0\u00bb][\/vc_column][vc_column width=\u00a0\u00bb1\/6&Prime;][vc_single_image image=\u00a0\u00bb2998&Prime; img_size=\u00a0\u00bbfull\u00a0\u00bb alignment=\u00a0\u00bbcenter\u00a0\u00bb css_animation=\u00a0\u00bbappear\u00a0\u00bb][\/vc_column][vc_column width=\u00a0\u00bb1\/6&Prime;][vc_single_image image=\u00a0\u00bb2999&Prime; img_size=\u00a0\u00bb100&#215;100&Prime; alignment=\u00a0\u00bbcenter\u00a0\u00bb css_animation=\u00a0\u00bbappear\u00a0\u00bb][\/vc_column][vc_column width=\u00a0\u00bb1\/6&Prime;][vc_single_image image=\u00a0\u00bb2997&Prime; img_size=\u00a0\u00bbfull\u00a0\u00bb alignment=\u00a0\u00bbcenter\u00a0\u00bb css_animation=\u00a0\u00bbappear\u00a0\u00bb][\/vc_column][vc_column width=\u00a0\u00bb1\/6&Prime;][vc_single_image image=\u00a0\u00bb2996&Prime; img_size=\u00a0\u00bb150&#215;120&Prime; alignment=\u00a0\u00bbcenter\u00a0\u00bb css_animation=\u00a0\u00bbappear\u00a0\u00bb][\/vc_column][\/vc_row][vc_row css=\u00a0\u00bb.vc_custom_1459501258600{padding-top: 30px !important;padding-bottom: 30px !important;}\u00a0\u00bb][vc_column width=\u00a0\u00bb1\/6&Prime;][vc_single_image image=\u00a0\u00bb3070&Prime; img_size=\u00a0\u00bbfull\u00a0\u00bb alignment=\u00a0\u00bbcenter\u00a0\u00bb css_animation=\u00a0\u00bbappear\u00a0\u00bb][\/vc_column][\/vc_row][vc_row][vc_column][vc_tta_pageable][vc_tta_section title=\u00a0\u00bbSection 2&Prime; tab_id=\u00a0\u00bb1747606268686-9fb28697-4869&Prime;][\/vc_tta_section][\/vc_tta_pageable][\/vc_column][\/vc_row]<\/p>\n<\/section>","protected":false},"excerpt":{"rendered":"<p>[vc_row][vc_column][rev_slider_vc alias=\u00a0\u00bbtheBuilt-1&Prime;][\/vc_column][\/vc_row][vc_row][vc_column][\/vc_column][\/vc_row][vc_row full_width=\u00a0\u00bbstretch_row\u00a0\u00bb css=\u00a0\u00bb.vc_custom_1459162774762{padding-top: 50px !important;padding-bottom: 50px !important;background-color: #f5f5f5 !important;}\u00a0\u00bb][vc_column width=\u00a0\u00bb1\/3&Prime;][\/vc_column][vc_column width=\u00a0\u00bb1\/3&Prime;][\/vc_column][vc_column width=\u00a0\u00bb1\/3&Prime;][vc_empty_space height=\u00a0\u00bb20px\u00a0\u00bb][vc_row_inner][vc_column_inner][\/vc_column_inner][\/vc_row_inner][\/vc_column][\/vc_row][vc_row][vc_column][\/vc_column][\/vc_row][vc_row equal_height=\u00a0\u00bbyes\u00a0\u00bb css=\u00a0\u00bb.vc_custom_1459437352339{margin-bottom: 50px !important;}\u00a0\u00bb][vc_column width=\u00a0\u00bb1\/3&Prime; css=\u00a0\u00bb.vc_custom_1459186986556{margin-right: 0px !important;padding-right: 0px !important;}\u00a0\u00bb][\/vc_column][vc_column width=\u00a0\u00bb1\/3&Prime; css=\u00a0\u00bb.vc_custom_1459186959095{margin-left: 0px !important;padding-left: 0px !important;}\u00a0\u00bb][\/vc_column][vc_column&#8230;<\/p>\n","protected":false},"author":1,"featured_media":0,"parent":0,"menu_order":0,"comment_status":"closed","ping_status":"closed","template":"","meta":{"footnotes":""},"class_list":["post-2786","page","type-page","status-publish","hentry"],"_links":{"self":[{"href":"https:\/\/www.ekl-batiment.com\/index.php\/wp-json\/wp\/v2\/pages\/2786","targetHints":{"allow":["GET"]}}],"collection":[{"href":"https:\/\/www.ekl-batiment.com\/index.php\/wp-json\/wp\/v2\/pages"}],"about":[{"href":"https:\/\/www.ekl-batiment.com\/index.php\/wp-json\/wp\/v2\/types\/page"}],"author":[{"embeddable":true,"href":"https:\/\/www.ekl-batiment.com\/index.php\/wp-json\/wp\/v2\/users\/1"}],"replies":[{"embeddable":true,"href":"https:\/\/www.ekl-batiment.com\/index.php\/wp-json\/wp\/v2\/comments?post=2786"}],"version-history":[{"count":30,"href":"https:\/\/www.ekl-batiment.com\/index.php\/wp-json\/wp\/v2\/pages\/2786\/revisions"}],"predecessor-version":[{"id":3077,"href":"https:\/\/www.ekl-batiment.com\/index.php\/wp-json\/wp\/v2\/pages\/2786\/revisions\/3077"}],"wp:attachment":[{"href":"https:\/\/www.ekl-batiment.com\/index.php\/wp-json\/wp\/v2\/media?parent=2786"}],"curies":[{"name":"wp","href":"https:\/\/api.w.org\/{rel}","templated":true}]}}